{"id":358,"date":"2021-04-21T21:32:53","date_gmt":"2021-04-21T19:32:53","guid":{"rendered":"https:\/\/wanderhexe.org\/cms\/?page_id=358"},"modified":"2026-02-01T16:22:49","modified_gmt":"2026-02-01T15:22:49","slug":"herzlich-willkommen","status":"publish","type":"page","link":"https:\/\/wanderhexe.org\/cms\/","title":{"rendered":"Startseite"},"content":{"rendered":"<p>Willkommen in der Welt der Wanderhexe<\/p>\n<p>Manchmal f\u00fchrt der Weg zu uns selbst nicht \u00fcber L\u00e4rm, sondern \u00fcber leise Zeichen, alte Weisheit und ehrliche Begegnungen.<br \/>\nGenau hier beginnt meine Arbeit.<\/p>\n<p>Ich bin Manu \u2013 die Wanderhexe.<br \/>\nIch verbinde spirituelles Wissen mit Lebenserfahrung, Bodenst\u00e4ndigkeit mit Tiefe und alte Traditionen mit dem Alltag von heute. Meine Arbeit ist kein Schauspiel, sondern gelebte Praxis \u2013 auf M\u00e4rkten, in Gespr\u00e4chen, in meinen B\u00fcchern und im Podcast.<\/p>\n<p>Ob durch Tarot, Rituale oder pers\u00f6nliche Begleitung: Es geht immer darum, wieder Zugang zur eigenen inneren Stimme zu finden. Nicht h\u00f6her, schneller, weiter \u2013 sondern klarer, bewusster und n\u00e4her bei sich selbst.<\/p>\n<p>Auf dieser Seite findest du meine B\u00fccher, meinen Podcast und die Orte, an denen wir uns auch im echten Leben begegnen k\u00f6nnen.<br \/>\nVielleicht ist genau jetzt der richtige Moment, deinem inneren Weg wieder ein St\u00fcck n\u00e4herzukommen.<\/p>\n<p><img loading=\"lazy\" decoding=\"async\" src=\"https:\/\/wanderhexe.org\/cms\/wp-content\/uploads\/2026\/02\/ChatGPT-Image-1.-Feb.-2026-16_15_45.png\" alt=\"\" width=\"1024\" height=\"1536\" class=\"alignnone size-full wp-image-3781\" srcset=\"https:\/\/wanderhexe.org\/cms\/wp-content\/uploads\/2026\/02\/ChatGPT-Image-1.-Feb.-2026-16_15_45.png 1024w, https:\/\/wanderhexe.org\/cms\/wp-content\/uploads\/2026\/02\/ChatGPT-Image-1.-Feb.-2026-16_15_45-200x300.png 200w, https:\/\/wanderhexe.org\/cms\/wp-content\/uploads\/2026\/02\/ChatGPT-Image-1.-Feb.-2026-16_15_45-683x1024.png 683w, https:\/\/wanderhexe.org\/cms\/wp-content\/uploads\/2026\/02\/ChatGPT-Image-1.-Feb.-2026-16_15_45-768x1152.png 768w\" sizes=\"auto, (max-width: 1024px) 100vw, 1024px\" \/><\/p>\n","protected":false},"excerpt":{"rendered":"<p>Willkommen in der Welt der Wanderhexe Manchmal f\u00fchrt der Weg zu uns selbst nicht \u00fcber L\u00e4rm, sondern \u00fcber leise Zeichen, alte Weisheit und ehrliche Begegnungen. Genau hier beginnt meine Arbeit. Ich bin Manu \u2013 die Wanderhexe. Ich verbinde spirituelles Wissen mit Lebenserfahrung, Bodenst\u00e4ndigkeit mit Tiefe und alte Traditionen mit dem Alltag von heute. Meine Arbeit [&hellip;]<\/p>\n","protected":false},"author":1,"featured_media":0,"parent":0,"menu_order":0,"comment_status":"closed","ping_status":"closed","template":"","meta":{"footnotes":""},"class_list":["post-358","page","type-page","status-publish","hentry","post"],"yoast_head":"<!-- This site is optimized with the Yoast SEO plugin v27.4 - https:\/\/yoast.com\/product\/yoast-seo-wordpress\/ -->\n<title>Startseite - wanderhexe.org<\/title>\n<meta name=\"description\" content=\"Die Welt der Wanderhexe: Tarot, Runen, Rituale, B\u00fccher und Podcast \u2013 spirituelle Begleitung f\u00fcr deinen inneren Weg.\" \/>\n<meta name=\"robots\" content=\"index, follow, max-snippet:-1, max-image-preview:large, max-video-preview:-1\" \/>\n<link rel=\"canonical\" href=\"https:\/\/wanderhexe.org\/cms\/\" \/>\n<meta property=\"og:locale\" content=\"de_DE\" \/>\n<meta property=\"og:type\" content=\"article\" \/>\n<meta property=\"og:title\" content=\"Startseite - wanderhexe.org\" \/>\n<meta property=\"og:description\" content=\"Die Welt der Wanderhexe: Tarot, Runen, Rituale, B\u00fccher und Podcast \u2013 spirituelle Begleitung f\u00fcr deinen inneren Weg.\" \/>\n<meta property=\"og:url\" content=\"https:\/\/wanderhexe.org\/cms\/\" \/>\n<meta property=\"og:site_name\" content=\"wanderhexe.org\" \/>\n<meta property=\"article:modified_time\" content=\"2026-02-01T15:22:49+00:00\" \/>\n<meta property=\"og:image\" content=\"https:\/\/wanderhexe.org\/cms\/wp-content\/uploads\/2026\/02\/ChatGPT-Image-1.-Feb.-2026-16_15_45-683x1024.png\" \/>\n\t<meta property=\"og:image:width\" content=\"683\" \/>\n\t<meta property=\"og:image:height\" content=\"1024\" \/>\n\t<meta property=\"og:image:type\" content=\"image\/png\" \/>\n<script type=\"application\/ld+json\" class=\"yoast-schema-graph\">{\"@context\":\"https:\\\/\\\/schema.org\",\"@graph\":[{\"@type\":\"WebPage\",\"@id\":\"https:\\\/\\\/wanderhexe.org\\\/cms\\\/\",\"url\":\"https:\\\/\\\/wanderhexe.org\\\/cms\\\/\",\"name\":\"Startseite - wanderhexe.org\",\"isPartOf\":{\"@id\":\"https:\\\/\\\/wanderhexe.org\\\/cms\\\/#website\"},\"primaryImageOfPage\":{\"@id\":\"https:\\\/\\\/wanderhexe.org\\\/cms\\\/#primaryimage\"},\"image\":{\"@id\":\"https:\\\/\\\/wanderhexe.org\\\/cms\\\/#primaryimage\"},\"thumbnailUrl\":\"https:\\\/\\\/wanderhexe.org\\\/cms\\\/wp-content\\\/uploads\\\/2026\\\/02\\\/ChatGPT-Image-1.-Feb.-2026-16_15_45.png\",\"datePublished\":\"2021-04-21T19:32:53+00:00\",\"dateModified\":\"2026-02-01T15:22:49+00:00\",\"description\":\"Die Welt der Wanderhexe: Tarot, Runen, Rituale, B\u00fccher und Podcast \u2013 spirituelle Begleitung f\u00fcr deinen inneren Weg.\",\"breadcrumb\":{\"@id\":\"https:\\\/\\\/wanderhexe.org\\\/cms\\\/#breadcrumb\"},\"inLanguage\":\"de\",\"potentialAction\":[{\"@type\":\"ReadAction\",\"target\":[\"https:\\\/\\\/wanderhexe.org\\\/cms\\\/\"]}]},{\"@type\":\"ImageObject\",\"inLanguage\":\"de\",\"@id\":\"https:\\\/\\\/wanderhexe.org\\\/cms\\\/#primaryimage\",\"url\":\"https:\\\/\\\/wanderhexe.org\\\/cms\\\/wp-content\\\/uploads\\\/2026\\\/02\\\/ChatGPT-Image-1.-Feb.-2026-16_15_45.png\",\"contentUrl\":\"https:\\\/\\\/wanderhexe.org\\\/cms\\\/wp-content\\\/uploads\\\/2026\\\/02\\\/ChatGPT-Image-1.-Feb.-2026-16_15_45.png\",\"width\":1024,\"height\":1536},{\"@type\":\"BreadcrumbList\",\"@id\":\"https:\\\/\\\/wanderhexe.org\\\/cms\\\/#breadcrumb\",\"itemListElement\":[{\"@type\":\"ListItem\",\"position\":1,\"name\":\"Startseite\",\"item\":\"https:\\\/\\\/wanderhexe.org\\\/cms\\\/\"},{\"@type\":\"ListItem\",\"position\":2,\"name\":\"Startseite\"}]},{\"@type\":\"WebSite\",\"@id\":\"https:\\\/\\\/wanderhexe.org\\\/cms\\\/#website\",\"url\":\"https:\\\/\\\/wanderhexe.org\\\/cms\\\/\",\"name\":\"wanderhexe.org\",\"description\":\"\",\"publisher\":{\"@id\":\"https:\\\/\\\/wanderhexe.org\\\/cms\\\/#organization\"},\"potentialAction\":[{\"@type\":\"SearchAction\",\"target\":{\"@type\":\"EntryPoint\",\"urlTemplate\":\"https:\\\/\\\/wanderhexe.org\\\/cms\\\/?s={search_term_string}\"},\"query-input\":{\"@type\":\"PropertyValueSpecification\",\"valueRequired\":true,\"valueName\":\"search_term_string\"}}],\"inLanguage\":\"de\"},{\"@type\":\"Organization\",\"@id\":\"https:\\\/\\\/wanderhexe.org\\\/cms\\\/#organization\",\"name\":\"wanderhexe.org\",\"url\":\"https:\\\/\\\/wanderhexe.org\\\/cms\\\/\",\"logo\":{\"@type\":\"ImageObject\",\"inLanguage\":\"de\",\"@id\":\"https:\\\/\\\/wanderhexe.org\\\/cms\\\/#\\\/schema\\\/logo\\\/image\\\/\",\"url\":\"https:\\\/\\\/wanderhexe.org\\\/cms\\\/wp-content\\\/uploads\\\/2021\\\/05\\\/F4106D43-B46E-4645-AA0D-40913D048620.jpeg\",\"contentUrl\":\"https:\\\/\\\/wanderhexe.org\\\/cms\\\/wp-content\\\/uploads\\\/2021\\\/05\\\/F4106D43-B46E-4645-AA0D-40913D048620.jpeg\",\"width\":1080,\"height\":1080,\"caption\":\"wanderhexe.org\"},\"image\":{\"@id\":\"https:\\\/\\\/wanderhexe.org\\\/cms\\\/#\\\/schema\\\/logo\\\/image\\\/\"},\"sameAs\":[\"https:\\\/\\\/www.instagram.com\\\/die_wanderhexe\\\/\"]}]}<\/script>\n<!-- \/ Yoast SEO plugin. -->","yoast_head_json":{"title":"Startseite - wanderhexe.org","description":"Die Welt der Wanderhexe: Tarot, Runen, Rituale, B\u00fccher und Podcast \u2013 spirituelle Begleitung f\u00fcr deinen inneren Weg.","robots":{"index":"index","follow":"follow","max-snippet":"max-snippet:-1","max-image-preview":"max-image-preview:large","max-video-preview":"max-video-preview:-1"},"canonical":"https:\/\/wanderhexe.org\/cms\/","og_locale":"de_DE","og_type":"article","og_title":"Startseite - wanderhexe.org","og_description":"Die Welt der Wanderhexe: Tarot, Runen, Rituale, B\u00fccher und Podcast \u2013 spirituelle Begleitung f\u00fcr deinen inneren Weg.","og_url":"https:\/\/wanderhexe.org\/cms\/","og_site_name":"wanderhexe.org","article_modified_time":"2026-02-01T15:22:49+00:00","og_image":[{"width":683,"height":1024,"url":"https:\/\/wanderhexe.org\/cms\/wp-content\/uploads\/2026\/02\/ChatGPT-Image-1.-Feb.-2026-16_15_45-683x1024.png","type":"image\/png"}],"schema":{"@context":"https:\/\/schema.org","@graph":[{"@type":"WebPage","@id":"https:\/\/wanderhexe.org\/cms\/","url":"https:\/\/wanderhexe.org\/cms\/","name":"Startseite - wanderhexe.org","isPartOf":{"@id":"https:\/\/wanderhexe.org\/cms\/#website"},"primaryImageOfPage":{"@id":"https:\/\/wanderhexe.org\/cms\/#primaryimage"},"image":{"@id":"https:\/\/wanderhexe.org\/cms\/#primaryimage"},"thumbnailUrl":"https:\/\/wanderhexe.org\/cms\/wp-content\/uploads\/2026\/02\/ChatGPT-Image-1.-Feb.-2026-16_15_45.png","datePublished":"2021-04-21T19:32:53+00:00","dateModified":"2026-02-01T15:22:49+00:00","description":"Die Welt der Wanderhexe: Tarot, Runen, Rituale, B\u00fccher und Podcast \u2013 spirituelle Begleitung f\u00fcr deinen inneren Weg.","breadcrumb":{"@id":"https:\/\/wanderhexe.org\/cms\/#breadcrumb"},"inLanguage":"de","potentialAction":[{"@type":"ReadAction","target":["https:\/\/wanderhexe.org\/cms\/"]}]},{"@type":"ImageObject","inLanguage":"de","@id":"https:\/\/wanderhexe.org\/cms\/#primaryimage","url":"https:\/\/wanderhexe.org\/cms\/wp-content\/uploads\/2026\/02\/ChatGPT-Image-1.-Feb.-2026-16_15_45.png","contentUrl":"https:\/\/wanderhexe.org\/cms\/wp-content\/uploads\/2026\/02\/ChatGPT-Image-1.-Feb.-2026-16_15_45.png","width":1024,"height":1536},{"@type":"BreadcrumbList","@id":"https:\/\/wanderhexe.org\/cms\/#breadcrumb","itemListElement":[{"@type":"ListItem","position":1,"name":"Startseite","item":"https:\/\/wanderhexe.org\/cms\/"},{"@type":"ListItem","position":2,"name":"Startseite"}]},{"@type":"WebSite","@id":"https:\/\/wanderhexe.org\/cms\/#website","url":"https:\/\/wanderhexe.org\/cms\/","name":"wanderhexe.org","description":"","publisher":{"@id":"https:\/\/wanderhexe.org\/cms\/#organization"},"potentialAction":[{"@type":"SearchAction","target":{"@type":"EntryPoint","urlTemplate":"https:\/\/wanderhexe.org\/cms\/?s={search_term_string}"},"query-input":{"@type":"PropertyValueSpecification","valueRequired":true,"valueName":"search_term_string"}}],"inLanguage":"de"},{"@type":"Organization","@id":"https:\/\/wanderhexe.org\/cms\/#organization","name":"wanderhexe.org","url":"https:\/\/wanderhexe.org\/cms\/","logo":{"@type":"ImageObject","inLanguage":"de","@id":"https:\/\/wanderhexe.org\/cms\/#\/schema\/logo\/image\/","url":"https:\/\/wanderhexe.org\/cms\/wp-content\/uploads\/2021\/05\/F4106D43-B46E-4645-AA0D-40913D048620.jpeg","contentUrl":"https:\/\/wanderhexe.org\/cms\/wp-content\/uploads\/2021\/05\/F4106D43-B46E-4645-AA0D-40913D048620.jpeg","width":1080,"height":1080,"caption":"wanderhexe.org"},"image":{"@id":"https:\/\/wanderhexe.org\/cms\/#\/schema\/logo\/image\/"},"sameAs":["https:\/\/www.instagram.com\/die_wanderhexe\/"]}]}},"jetpack_sharing_enabled":true,"_links":{"self":[{"href":"https:\/\/wanderhexe.org\/cms\/wp-json\/wp\/v2\/pages\/358","targetHints":{"allow":["GET"]}}],"collection":[{"href":"https:\/\/wanderhexe.org\/cms\/wp-json\/wp\/v2\/pages"}],"about":[{"href":"https:\/\/wanderhexe.org\/cms\/wp-json\/wp\/v2\/types\/page"}],"author":[{"embeddable":true,"href":"https:\/\/wanderhexe.org\/cms\/wp-json\/wp\/v2\/users\/1"}],"replies":[{"embeddable":true,"href":"https:\/\/wanderhexe.org\/cms\/wp-json\/wp\/v2\/comments?post=358"}],"version-history":[{"count":11,"href":"https:\/\/wanderhexe.org\/cms\/wp-json\/wp\/v2\/pages\/358\/revisions"}],"predecessor-version":[{"id":3783,"href":"https:\/\/wanderhexe.org\/cms\/wp-json\/wp\/v2\/pages\/358\/revisions\/3783"}],"wp:attachment":[{"href":"https:\/\/wanderhexe.org\/cms\/wp-json\/wp\/v2\/media?parent=358"}],"curies":[{"name":"wp","href":"https:\/\/api.w.org\/{rel}","templated":true}]}}